{"id":1097,"date":"2021-03-17T16:22:25","date_gmt":"2021-03-17T16:22:25","guid":{"rendered":"http:\/\/www.minikulupcocukevi.com\/Web\/?page_id=1097"},"modified":"2025-02-22T13:47:59","modified_gmt":"2025-02-22T13:47:59","slug":"doga-temelli-egitim","status":"publish","type":"page","link":"https:\/\/www.minikulupcocukevi.com\/web\/doga-temelli-egitim\/","title":{"rendered":"Do\u011fa Temelli E\u011fitim"},"content":{"rendered":"<div class=\"wpb-content-wrapper\"><p>[vc_row el_class=&#8221;mt-5&#8243;][vc_column width=&#8221;1\/6&#8243;][\/vc_column][vc_column width=&#8221;2\/3&#8243;][vc_empty_space][vc_custom_heading text=&#8221;Do\u011fa Temelli E\u011fitim&#8221; font_container=&#8221;tag:h2|text_align:center&#8221; use_theme_fonts=&#8221;yes&#8221;][vc_empty_space height=&#8221;50px&#8221;][vc_gallery type=&#8221;flexslider_slide&#8221; interval=&#8221;3&#8243; images=&#8221;2120,2142,1144,1277,2143,2145,1523&#8243; img_size=&#8221;full&#8221;][\/vc_column][vc_column width=&#8221;1\/6&#8243;][\/vc_column][\/vc_row][vc_row el_class=&#8221;mt-5&#8243;][vc_column][vc_column_text]<\/p>\n<h4>Do\u011fa Temelli E\u011fitim<\/h4>\n<p>1800\u2019lerde Avrupa, Kuzey Amerika ve Kanada\u2019da e\u015f zamanl\u0131 olarak ortaya \u00e7\u0131kan Do\u011fa Temelli Erken \u00c7ocukluk E\u011fitimi, \u00e7ocuklar\u0131n her t\u00fcrl\u00fc hava \u015fart\u0131nda a\u00e7\u0131k havada vakit ge\u00e7irmeleri prensibinden yola \u00e7\u0131kmaktad\u0131r. Orman Anaokullar\u0131 yakla\u015f\u0131m\u0131nda ise \u00e7ocuklar her t\u00fcrl\u00fc hava ko\u015fulunda, her g\u00fcn, g\u00fcn\u00fcn b\u00fcy\u00fck bir k\u0131sm\u0131n\u0131 ormanl\u0131k bir alanda ge\u00e7irirler.<\/p>\n<p>Biyolog Edward Wilson 1984 y\u0131l\u0131nda geli\u015ftirmi\u015f oldu\u011fu, Biyofili hipotezi ile insanl\u0131\u011f\u0131n do\u011faya yak\u0131n olma durumunu biyolojik temellere dayand\u0131rarak a\u00e7\u0131klam\u0131\u015ft\u0131r. Wilson\u2019un \u201cinsano\u011flunun di\u011fer canl\u0131 organizmalara kar\u015f\u0131 g\u00f6sterdi\u011fi, genetik temelli bir duygusal yak\u0131nl\u0131k\u201d olarak tan\u0131mlad\u0131\u011f\u0131 Biyofili hipotezine g\u00f6re erken \u00e7ocukluk d\u00f6neminde do\u011fa ile yak\u0131n ve s\u00fcrekli bir etkile\u015fim i\u00e7inde olan \u00e7ocuklar\u0131n, yeti\u015fkin olduklar\u0131nda do\u011faya kar\u015f\u0131 olumlu tutum ve de\u011ferlere sahip olacaklar\u0131, do\u011fa ile g\u00fc\u00e7l\u00fc bir duygusal ba\u011f kuracaklar\u0131 ve \u00e7evreyi koruma konusunda g\u00fc\u00e7l\u00fc bir motivasyon i\u00e7inde olacaklar\u0131 \u00f6ng\u00f6r\u00fclmektedir.<\/p>\n<p>Ayr\u0131ca Do\u011fa Temeli E\u011fitim, \u00e7ocuklara say\u0131s\u0131z f\u0131rsatlar sunmaktad\u0131r.<\/p>\n<p>\u2022 Do\u011fal d\u00fcnyan\u0131n g\u00fczelli\u011fine dair bir fark\u0131ndal\u0131k ve hayranl\u0131k geli\u015ftirir.<br \/>\n\u2022 Do\u011fadaki d\u00f6ng\u00fcleri, \u00e7e\u015fitlili\u011fi, farkl\u0131 ya\u015fam formalar\u0131n\u0131 fark etmeyi sa\u011flar, di\u011fer canl\u0131 t\u00fcrlerine kar\u015f\u0131 empati duygusunu art\u0131r\u0131r.<br \/>\n\u2022 Yarat\u0131c\u0131 d\u00fc\u015f\u00fcnmeyi te\u015fvik eder. Hayalg\u00fcc\u00fcn\u00fc destekler.<br \/>\n\u2022 D\u00fc\u015f\u00fcnsel ve fiziksel esneklik katar<br \/>\n\u2022 Her t\u00fcrl\u00fc hava ko\u015fulunda a\u00e7\u0131k havada olan \u00e7ocuk, mevsim ge\u00e7i\u015flerini fark eder, mevsimlere y\u00f6nelik iyi\/k\u00f6t\u00fc gibi alg\u0131lar olu\u015fmaz.<br \/>\n\u2022 Sa\u011fl\u0131kl\u0131 bir beden geli\u015fimi i\u00e7in \u00e7ocuklar\u0131n g\u00fcnde 12.000 ad\u0131m atmas\u0131 gerekmektedir. Do\u011fa temelli bir e\u011fitim buna olanak sa\u011flar.<br \/>\n\u2022 Her t\u00fcrl\u00fc hava ko\u015fulunda a\u00e7\u0131k havada olan \u00e7ocuklar\u0131n ba\u011f\u0131\u015f\u0131kl\u0131k sistemi daha geli\u015fkindir.<br \/>\n\u2022 S\u0131n\u0131f gibi kapal\u0131 ve s\u0131n\u0131rlar\u0131 olan bir alan yerine, orman \/ koru \/ sahil \/ park gibi geni\u015f bir alanda \u00e7ocuklar\u0131n alan alg\u0131lar\u0131 geli\u015fir, s\u0131n\u0131rlar\u0131n\u0131n fark\u0131na var\u0131rlar.<br \/>\n\u2022 \u0130nsiyatif ald\u0131r\u0131r, karar mekanizmalar\u0131 geli\u015fir.<br \/>\n\u2022 \u00c7evre bilinci kazand\u0131r\u0131r.<\/p>\n<p>Mini Kul\u00fcp olarak; \u00e7ocuklar\u0131n do\u011fu\u015ftan sahip olduklar\u0131 biyofililerini geli\u015ftirme s\u00fcrecinde; okul i\u00e7erisinde de \u00e7ocuklara \u00f6rnek olacak bir tutum sergileyerek, daha \u00e7evreci ve ye\u015fil bir okul olma yolunda hareket ediyoruz.<\/p>\n<p>Bu do\u011frultuda her hafta ba\u015f\u0131 o haftay\u0131 planlamak \u00fczere; haftada en az bir g\u00fcn olabiliyorsa iki g\u00fcn t\u00fcm \u00f6\u011fleden sonram\u0131z\u0131 Valideba\u011f Korusu\u2019nda ge\u00e7iriyoruz. Giderken, yan\u0131m\u0131za orada bulundu\u011fumuz s\u00fcre boyunca laz\u0131m olabilecek her t\u00fcrl\u00fc malzemeyi de al\u0131yoruz.(Oturma mat\u0131, matara, yiyecek ve di\u011fer malzemeler) Hava ko\u015fullar\u0131n\u0131n durumuna g\u00f6re \u00e7izmelerimizi ve ya\u011fmurluklar\u0131m\u0131z\u0131 giyiyor ve kendimizi do\u011fan\u0131n kucak a\u00e7m\u0131\u015f kollar\u0131na b\u0131rak\u0131yoruz. Bu s\u00fcreci, her s\u0131n\u0131f kendi \u00f6\u011fretmenleri ile ayr\u0131 ya\u015farken onlara Do\u011fa Temelli E\u011fitim koordinat\u00f6r\u00fcm\u00fcz\u00a0 e\u015flik ediyor.[\/vc_column_text][vc_empty_space height=&#8221;64px&#8221;][\/vc_column][\/vc_row]<\/p>\n<\/div>","protected":false},"excerpt":{"rendered":"<p>[vc_row el_class=&#8221;mt-5&#8243;][vc_column width=&#8221;1\/6&#8243;][\/vc_column][vc_column width=&#8221;2\/3&#8243;][vc_empty_space][vc_custom_heading text=&#8221;Do\u011fa Temelli E\u011fitim&#8221; font_container=&#8221;tag:h2|text_align:center&#8221; use_theme_fonts=&#8221;yes&#8221;][vc_empty_space height=&#8221;50px&#8221;][vc_gallery type=&#8221;flexslider_slide&#8221; interval=&#8221;3&#8243; images=&#8221;2120,2142,1144,1277,2143,2145,1523&#8243; img_size=&#8221;full&#8221;][\/vc_column][vc_column width=&#8221;1\/6&#8243;][\/vc_column][\/vc_row][vc_row el_class=&#8221;mt-5&#8243;][vc_column][vc_column_text] Do\u011fa Temelli E\u011fitim 1800\u2019lerde Avrupa, Kuzey Amerika ve Kanada\u2019da e\u015f zamanl\u0131 olarak ortaya \u00e7\u0131kan Do\u011fa Temelli Erken \u00c7ocukluk E\u011fitimi, \u00e7ocuklar\u0131n her t\u00fcrl\u00fc hava \u015fart\u0131nda a\u00e7\u0131k havada vakit ge\u00e7irmeleri prensibinden yola \u00e7\u0131kmaktad\u0131r. Orman Anaokullar\u0131 yakla\u015f\u0131m\u0131nda ise \u00e7ocuklar her t\u00fcrl\u00fc hava<\/p>\n<div class=\"klb-readmore\"><a href=\"https:\/\/www.minikulupcocukevi.com\/web\/doga-temelli-egitim\/\" class=\"btn btn-primary\">READ MORE<\/a><\/div>\n","protected":false},"author":1,"featured_media":0,"parent":0,"menu_order":0,"comment_status":"closed","ping_status":"closed","template":"","meta":{"footnotes":""},"class_list":["post-1097","page","type-page","status-publish","hentry","col-lg-12 mb-5"],"_links":{"self":[{"href":"https:\/\/www.minikulupcocukevi.com\/web\/wp-json\/wp\/v2\/pages\/1097","targetHints":{"allow":["GET"]}}],"collection":[{"href":"https:\/\/www.minikulupcocukevi.com\/web\/wp-json\/wp\/v2\/pages"}],"about":[{"href":"https:\/\/www.minikulupcocukevi.com\/web\/wp-json\/wp\/v2\/types\/page"}],"author":[{"embeddable":true,"href":"https:\/\/www.minikulupcocukevi.com\/web\/wp-json\/wp\/v2\/users\/1"}],"replies":[{"embeddable":true,"href":"https:\/\/www.minikulupcocukevi.com\/web\/wp-json\/wp\/v2\/comments?post=1097"}],"version-history":[{"count":17,"href":"https:\/\/www.minikulupcocukevi.com\/web\/wp-json\/wp\/v2\/pages\/1097\/revisions"}],"predecessor-version":[{"id":2146,"href":"https:\/\/www.minikulupcocukevi.com\/web\/wp-json\/wp\/v2\/pages\/1097\/revisions\/2146"}],"wp:attachment":[{"href":"https:\/\/www.minikulupcocukevi.com\/web\/wp-json\/wp\/v2\/media?parent=1097"}],"curies":[{"name":"wp","href":"https:\/\/api.w.org\/{rel}","templated":true}]}}