{"id":1100,"date":"2021-03-17T16:25:11","date_gmt":"2021-03-17T16:25:11","guid":{"rendered":"http:\/\/www.minikulupcocukevi.com\/Web\/?page_id=1100"},"modified":"2025-02-22T14:12:23","modified_gmt":"2025-02-22T14:12:23","slug":"mini-kulupte-bir-gun","status":"publish","type":"page","link":"https:\/\/www.minikulupcocukevi.com\/web\/mini-kulupte-bir-gun\/","title":{"rendered":"Mini Kul\u00fcp\u2019te Bir G\u00fcn"},"content":{"rendered":"<div class=\"wpb-content-wrapper\"><p>[vc_row el_class=&#8221;mt-5&#8243;][vc_column width=&#8221;1\/6&#8243;][\/vc_column][vc_column width=&#8221;2\/3&#8243;][vc_empty_space][vc_custom_heading text=&#8221;Mini Kul\u00fcp\u2019te Bir G\u00fcn&#8221; font_container=&#8221;tag:h2|text_align:center&#8221; use_theme_fonts=&#8221;yes&#8221;][vc_empty_space height=&#8221;50px&#8221;][vc_gallery type=&#8221;flexslider_slide&#8221; interval=&#8221;3&#8243; images=&#8221;1512,2147,2148,2149,2150,2151,2152&#8243; img_size=&#8221;full&#8221;][\/vc_column][vc_column width=&#8221;1\/6&#8243;][\/vc_column][\/vc_row][vc_row el_class=&#8221;mt-5&#8243;][vc_column][vc_column_text]<\/p>\n<h4>Mini Kul\u00fcp\u2019te Bir G\u00fcn<\/h4>\n<ul>\n<li>Okulumuz saat 07.30\u2019da kap\u0131lar\u0131n\u0131 a\u00e7arak g\u00fcne \u201cmerhaba\u201d der.<\/li>\n<li>07.30\u2019dan 09.00\u2019a kadar okula gelen \u00e7ocuklar\u0131m\u0131z hava g\u00fczelse bah\u00e7ede, de\u011filse s\u0131n\u0131fta kahvalt\u0131 saati gelene kadar g\u00fcnl\u00fck adaptasyonlar\u0131n\u0131 tamamlay\u0131p oyun oynarlar.<\/li>\n<li>Saat 09.00-09.30 okulumuzun sabah kahvalt\u0131s\u0131 saatleridir. O saate kadar gelen \u00e7ocuklar \u00f6\u011fretmenleri ile birlikte kahvalt\u0131 ederler. Saat 09.30\u2019 da herkes kendi s\u0131n\u0131f\u0131na ge\u00e7er veya bah\u00e7eye \u00e7\u0131kar, g\u00fcnl\u00fck ak\u0131\u015f ba\u015flar.<\/li>\n<li>09.30-12.00 saatleri aras\u0131 b\u00fct\u00fcn okulda e\u011fitim saatidir. Her s\u0131n\u0131f o g\u00fcn\u00fcn program\u0131 ne ise onu uygular.<\/li>\n<li>12.00 itibari ile \u00f6\u011fle yeme\u011fi ba\u015flar, her grup \u00f6\u011fretmenleri ile s\u0131rayla yemekhaneye giderek yeme\u011fini yer. Yemekten \u00f6nce ve sonra el a\u011f\u0131z temizli\u011fi yap\u0131l\u0131r. \u00d6\u011fle uykusuna yatacak olan \u00e7ocuklar, uyku odas\u0131 \u00f6\u011fretmeni taraf\u0131ndan uykuya yat\u0131r\u0131l\u0131r. Uyku saatlerimiz 13.15-14.45 aras\u0131d\u0131r. Uyumayan \u00e7ocuklar \u00f6\u011fretmenleri ile birlikte g\u00fcnl\u00fck ak\u0131\u015f\u0131 devam ederler.<\/li>\n<li>Uykudan kalkan \u00e7ocuklar\u00a014.45-15.00 aras\u0131nda uyku odas\u0131 \u00f6\u011fretmeni taraf\u0131ndan s\u0131n\u0131flara teslim edilir.<\/li>\n<li>Saat 15.00-16.00 aras\u0131 e\u011fitime bir kez daha ara verilir. Yine her s\u0131n\u0131f, \u00f6\u011fretmenleri e\u015fli\u011finde ikindi kahvalt\u0131s\u0131n\u0131 eder.<\/li>\n<li>16.00-16.30 aras\u0131 her s\u0131n\u0131f g\u00fcn\u00fcn genel bir tekrar\u0131n\u0131 yapar.<\/li>\n<li>Genel tekrardan sonra herkes kendi s\u0131n\u0131f\u0131nda veya bah\u00e7ede serbest oyun oynar \u00e7\u00fcnk\u00fc art\u0131k g\u00fcnl\u00fck e\u011fitim saati sona ermi\u015ftir.<\/li>\n<li>09.00-16.00 saatleri aras\u0131nda her s\u0131n\u0131fta g\u00fcnl\u00fck program ak\u0131\u015f\u0131 uygulan\u0131rken, 16.30-18.00 saatleri aras\u0131nda (eve gidi\u015f saatleri) \u00e7ocuklar s\u0131n\u0131flar\u0131nda veya bah\u00e7ede kendi se\u00e7enekleri do\u011frultusunda oyun oynar veya aktivite yaparlar.<\/li>\n<li>16.30 itibari ile art\u0131k eve gidi\u015f ba\u015flar ve s\u0131n\u0131flardaki veya bah\u00e7edeki \u00e7ocuk say\u0131s\u0131 yava\u015f yava\u015f azal\u0131r.<\/li>\n<li>Saat 18.00 olup g\u00fcn bitti\u011finde, \u00e7ocuklar\u0131m\u0131z, e\u011flenmi\u015f ve yeni bilgilerle donanm\u0131\u015f olarak evlerine u\u011furlanm\u0131\u015ft\u0131r. Dar\u0131s\u0131 bir sonraki g\u00fcn\u00fcn ba\u015f\u0131na\u2026<\/li>\n<\/ul>\n<p>[\/vc_column_text][vc_empty_space height=&#8221;64px&#8221;][\/vc_column][\/vc_row]<\/p>\n<\/div>","protected":false},"excerpt":{"rendered":"<p>[vc_row el_class=&#8221;mt-5&#8243;][vc_column width=&#8221;1\/6&#8243;][\/vc_column][vc_column width=&#8221;2\/3&#8243;][vc_empty_space][vc_custom_heading text=&#8221;Mini Kul\u00fcp\u2019te Bir G\u00fcn&#8221; font_container=&#8221;tag:h2|text_align:center&#8221; use_theme_fonts=&#8221;yes&#8221;][vc_empty_space height=&#8221;50px&#8221;][vc_gallery type=&#8221;flexslider_slide&#8221; interval=&#8221;3&#8243; images=&#8221;1512,2147,2148,2149,2150,2151,2152&#8243; img_size=&#8221;full&#8221;][\/vc_column][vc_column width=&#8221;1\/6&#8243;][\/vc_column][\/vc_row][vc_row el_class=&#8221;mt-5&#8243;][vc_column][vc_column_text] Mini Kul\u00fcp\u2019te Bir G\u00fcn Okulumuz saat 07.30\u2019da kap\u0131lar\u0131n\u0131 a\u00e7arak g\u00fcne \u201cmerhaba\u201d der. 07.30\u2019dan 09.00\u2019a kadar okula gelen \u00e7ocuklar\u0131m\u0131z hava g\u00fczelse bah\u00e7ede, de\u011filse s\u0131n\u0131fta kahvalt\u0131 saati gelene kadar g\u00fcnl\u00fck adaptasyonlar\u0131n\u0131 tamamlay\u0131p oyun oynarlar. Saat 09.00-09.30 okulumuzun sabah kahvalt\u0131s\u0131 saatleridir.<\/p>\n<div class=\"klb-readmore\"><a href=\"https:\/\/www.minikulupcocukevi.com\/web\/mini-kulupte-bir-gun\/\" class=\"btn btn-primary\">READ MORE<\/a><\/div>\n","protected":false},"author":1,"featured_media":0,"parent":0,"menu_order":0,"comment_status":"closed","ping_status":"closed","template":"","meta":{"footnotes":""},"class_list":["post-1100","page","type-page","status-publish","hentry","col-lg-12 mb-5"],"_links":{"self":[{"href":"https:\/\/www.minikulupcocukevi.com\/web\/wp-json\/wp\/v2\/pages\/1100","targetHints":{"allow":["GET"]}}],"collection":[{"href":"https:\/\/www.minikulupcocukevi.com\/web\/wp-json\/wp\/v2\/pages"}],"about":[{"href":"https:\/\/www.minikulupcocukevi.com\/web\/wp-json\/wp\/v2\/types\/page"}],"author":[{"embeddable":true,"href":"https:\/\/www.minikulupcocukevi.com\/web\/wp-json\/wp\/v2\/users\/1"}],"replies":[{"embeddable":true,"href":"https:\/\/www.minikulupcocukevi.com\/web\/wp-json\/wp\/v2\/comments?post=1100"}],"version-history":[{"count":13,"href":"https:\/\/www.minikulupcocukevi.com\/web\/wp-json\/wp\/v2\/pages\/1100\/revisions"}],"predecessor-version":[{"id":2153,"href":"https:\/\/www.minikulupcocukevi.com\/web\/wp-json\/wp\/v2\/pages\/1100\/revisions\/2153"}],"wp:attachment":[{"href":"https:\/\/www.minikulupcocukevi.com\/web\/wp-json\/wp\/v2\/media?parent=1100"}],"curies":[{"name":"wp","href":"https:\/\/api.w.org\/{rel}","templated":true}]}}